{"id":1313,"date":"2026-05-14T15:34:33","date_gmt":"2026-05-14T15:34:33","guid":{"rendered":"https:\/\/pocketselectmart.shop\/?post_type=product&#038;p=1313"},"modified":"2026-05-14T15:35:57","modified_gmt":"2026-05-14T15:35:57","slug":"car-door-welcome-light-led-projector-car-door-welcome-light-personalized-door-projection-light-with-logo-suitable-for-all-vehicles","status":"publish","type":"product","link":"https:\/\/pocketselectmart.shop\/de\/produkt\/car-door-welcome-light-led-projector-car-door-welcome-light-personalized-door-projection-light-with-logo-suitable-for-all-vehicles\/","title":{"rendered":"Car Door Welcome Light. LED Projector Car Door Welcome Light. Personalized Door Projection Light with Logo. Suitable for All Vehicles"},"content":{"rendered":"<div data-elementor-type=\"product-post\" data-elementor-id=\"1313\" class=\"elementor elementor-1313\" data-elementor-post-type=\"product\">\n\t\t\t\t<div class=\"elementor-element elementor-element-3255eb0b e-flex e-con-boxed e-con e-parent\" data-id=\"3255eb0b\" data-element_type=\"container\" data-e-type=\"container\" data-settings=\"{&quot;ekit_has_onepagescroll_dot&quot;:&quot;yes&quot;}\">\n\t\t\t\t\t<div class=\"e-con-inner\">\n\t\t\t\t<div class=\"elementor-element elementor-element-7636cb6e elementor-widget elementor-widget-text-editor\" data-id=\"7636cb6e\" data-element_type=\"widget\" data-e-type=\"widget\" data-settings=\"{&quot;ekit_we_effect_on&quot;:&quot;none&quot;}\" data-widget_type=\"text-editor.default\">\n\t\t\t\t\t\t\t\t\t<img fetchpriority=\"high\" decoding=\"async\" class=\"size-full wp-image-16954 aligncenter\" src=\"https:\/\/teal-lobster-750471.hostingersite.com\/wp-content\/uploads\/2026\/01\/7a4a3a32a2994ef19fa118e49430b48f_tplv-t5fjg24jzw-resize-jpeg_800_800.jpg\" alt=\"\" width=\"800\" height=\"800\" \/>\r\n\r\n<img decoding=\"async\" class=\"size-full wp-image-16955 aligncenter\" src=\"https:\/\/teal-lobster-750471.hostingersite.com\/wp-content\/uploads\/2026\/01\/8af5377431b4485eb1ffec372296af3d_tplv-t5fjg24jzw-resize-jpeg_800_800.jpg\" alt=\"\" width=\"800\" height=\"800\" \/>\r\n\r\n<img decoding=\"async\" class=\"size-full wp-image-16957 aligncenter\" src=\"https:\/\/teal-lobster-750471.hostingersite.com\/wp-content\/uploads\/2026\/01\/90b8b34bf09c4464ac6d6ff04b96ca42_tplv-t5fjg24jzw-resize-jpeg_800_800.jpg\" alt=\"\" width=\"800\" height=\"800\" \/>\r\n\r\n<img loading=\"lazy\" decoding=\"async\" class=\"size-full wp-image-16958 aligncenter\" src=\"https:\/\/teal-lobster-750471.hostingersite.com\/wp-content\/uploads\/2026\/01\/3f78b142b1ce43728c07c868d8cb6a03_tplv-t5fjg24jzw-resize-jpeg_800_800.jpg\" alt=\"\" width=\"800\" height=\"800\" \/>\r\n\r\n<img loading=\"lazy\" decoding=\"async\" class=\"size-full wp-image-16959 aligncenter\" src=\"https:\/\/teal-lobster-750471.hostingersite.com\/wp-content\/uploads\/2026\/01\/5b618f2c55194be3bacad06960a51021_tplv-t5fjg24jzw-resize-jpeg_800_800.jpg\" alt=\"\" width=\"800\" height=\"800\" \/>\r\n<div class=\"elementor-widget-container\">\r\nProduktinformationen\r\n<div class=\"product-table\">\r\n<div class=\"product-row\">\r\n<div class=\"product-label\">Besondere Merkmale<\/div>\r\n<div class=\"product-value\">LED Projektor Willkommenslicht, personalisiertes Logoprojektionslicht, passend f\u00fcr alle Fahrzeuge, einfache Montage, hoher Luminanzgrad, langlebiges LED-Modul<\/div>\r\n<\/div>\r\n<div class=\"product-row\">\r\n<div class=\"product-label\"><strong>Farbe<\/strong><\/div>\r\n<div class=\"product-value\"><strong>Schwarz (Geh\u00e4use), Wei\u00df\/Wechselbar (Projektionslicht)<\/strong><\/div>\r\n<\/div>\r\n<div class=\"product-row\">\r\n<div class=\"product-label\"><strong>Marke<\/strong><\/div>\r\n<div class=\"product-value\"><strong>Car Door Welcome Light<\/strong><\/div>\r\n<\/div>\r\n<div class=\"product-row\">\r\n<div class=\"product-label\"><strong>Produktma\u00dfe<\/strong><\/div>\r\n<div class=\"product-value\"><strong>Kompaktes Design, platzsparend, passend f\u00fcr alle Autot\u00fcrmodelle<\/strong><\/div>\r\n<\/div>\r\n<div class=\"product-row\">\r\n<div class=\"product-label\"><strong>Artikelgewicht<\/strong><\/div>\r\n<div class=\"product-value\"><strong>Sehr leicht, transportabel, einfache Handhabung<\/strong><\/div>\r\n<\/div>\r\n<div class=\"product-row\">\r\n<div class=\"product-label\"><strong>Enthaltene Komponenten<\/strong><\/div>\r\n<div class=\"product-value\"><strong>2 x LED Willkommenslicht Projektor, Montagematerial, Batterien, Anpassbare Logo-Folien, Installationsanleitung<\/strong><\/div>\r\n<\/div>\r\n<div class=\"product-row\">\r\n<div class=\"product-label\"><strong>Hersteller<\/strong><\/div>\r\n<div class=\"product-value\"><strong>Car Door Welcome Light<\/strong><\/div>\r\n<\/div>\r\n<div class=\"product-row\">\r\n<div class=\"product-label\"><strong>ASIN<\/strong><\/div>\r\n<div class=\"product-value\"><strong>B0F9YK41NP<\/strong><\/div>\r\n<\/div>\r\n<div class=\"product-row\">\r\n<div class=\"product-label\"><strong>Produktmodellnummer<\/strong><\/div>\r\n<div class=\"product-value\"><strong>CDWL-LED01<\/strong><\/div>\r\n<\/div>\r\n<div class=\"product-row\">\r\n<div class=\"product-label\"><strong>Durchschnittliche Kundenbewertung<\/strong><\/div>\r\n<div class=\"product-value\"><strong>4,8 \u2605\u2605\u2605\u2605\u2605 (987) 4,8 von 5 Sternen<\/strong><\/div>\r\n<\/div>\r\n<div class=\"product-row\">\r\n<div class=\"product-label\"><strong>Platzierung in den Amazon Bestsellern<\/strong><\/div>\r\n<div class=\"product-value\"><strong>Nr.2.451 in Auto &#038; Motorrad (Top 100 anzeigen) Nr.1 in Autot\u00fcr-Willkommenslichter<\/strong><\/div>\r\n<\/div>\r\n<div class=\"product-row\">\r\n<div class=\"product-label\"><strong>Produkt seit auf amazon.com<\/strong><\/div>\r\n<div class=\"product-value\"><strong>22. M\u00e4rz 2026<\/strong><\/div>\r\n<\/div>\r\n<\/div>\r\n<style>\r\n.product-table {\r\nwidth: 100%;\r\nborder-top: 1px solid #000;\r\nfont-family: Arial, sans-serif;\r\n}\r\n.product-row {\r\ndisplay: flex;\r\nborder-bottom: 1px solid #000;\r\npadding: 12px 0;\r\n}\r\n.product-label {\r\nflex: 1;\r\nfont-weight: bold;\r\nmin-width: 200px;\r\npadding-right: 20px;\r\n}\r\n.product-value {\r\nflex: 1;\r\nmin-width: 200px;\r\n}\r\n<\/style>\t\t\t\t\t\t\t\t<\/div>\n\t\t\t\t\t<\/div>\n\t\t\t\t<\/div>\n\t\t\t\t<\/div>","protected":false},"excerpt":{"rendered":"<p>Produktinformationen Besondere Merkmale LED Projektor Willkommenslicht, personalisiertes Logoprojektionslicht, passend f\u00fcr alle Fahrzeuge, einfache Montage, hoher Luminanzgrad, langlebiges LED-Modul Farbe Schwarz (Geh\u00e4use), Wei\u00df\/Wechselbar (Projektionslicht) Marke Car Door Welcome Light Produktma\u00dfe Kompaktes Design, platzsparend, passend f\u00fcr alle Autot\u00fcrmodelle Artikelgewicht Sehr leicht, transportabel, einfache Handhabung Enthaltene Komponenten 2 x LED Willkommenslicht Projektor, Montagematerial, Batterien, Anpassbare Logo-Folien, Installationsanleitung Hersteller [&hellip;]<\/p>\n","protected":false},"featured_media":1314,"comment_status":"open","ping_status":"closed","template":"","meta":{"_acf_changed":false},"product_brand":[],"product_cat":[33,35],"product_tag":[],"class_list":{"0":"post-1313","1":"product","2":"type-product","3":"status-publish","4":"has-post-thumbnail","6":"product_cat-car","7":"product_cat-new-in","9":"first","10":"instock","11":"sale","12":"shipping-taxable","13":"purchasable","14":"product-type-simple"},"acf":[],"_links":{"self":[{"href":"https:\/\/pocketselectmart.shop\/de\/wp-json\/wp\/v2\/product\/1313","targetHints":{"allow":["GET"]}}],"collection":[{"href":"https:\/\/pocketselectmart.shop\/de\/wp-json\/wp\/v2\/product"}],"about":[{"href":"https:\/\/pocketselectmart.shop\/de\/wp-json\/wp\/v2\/types\/product"}],"replies":[{"embeddable":true,"href":"https:\/\/pocketselectmart.shop\/de\/wp-json\/wp\/v2\/comments?post=1313"}],"version-history":[{"count":4,"href":"https:\/\/pocketselectmart.shop\/de\/wp-json\/wp\/v2\/product\/1313\/revisions"}],"predecessor-version":[{"id":1339,"href":"https:\/\/pocketselectmart.shop\/de\/wp-json\/wp\/v2\/product\/1313\/revisions\/1339"}],"wp:featuredmedia":[{"embeddable":true,"href":"https:\/\/pocketselectmart.shop\/de\/wp-json\/wp\/v2\/media\/1314"}],"wp:attachment":[{"href":"https:\/\/pocketselectmart.shop\/de\/wp-json\/wp\/v2\/media?parent=1313"}],"wp:term":[{"taxonomy":"product_brand","embeddable":true,"href":"https:\/\/pocketselectmart.shop\/de\/wp-json\/wp\/v2\/product_brand?post=1313"},{"taxonomy":"product_cat","embeddable":true,"href":"https:\/\/pocketselectmart.shop\/de\/wp-json\/wp\/v2\/product_cat?post=1313"},{"taxonomy":"product_tag","embeddable":true,"href":"https:\/\/pocketselectmart.shop\/de\/wp-json\/wp\/v2\/product_tag?post=1313"}],"curies":[{"name":"wp","href":"https:\/\/api.w.org\/{rel}","templated":true}]}}